{"id":33,"date":"2025-12-04T09:37:44","date_gmt":"2025-12-04T08:37:44","guid":{"rendered":"https:\/\/invest-pomorze.pl\/?page_id=33"},"modified":"2025-12-22T09:56:24","modified_gmt":"2025-12-22T08:56:24","slug":"lokale-i-biura","status":"publish","type":"page","link":"https:\/\/invest-pomorze.pl\/?page_id=33","title":{"rendered":"LOKALE I BIURA"},"content":{"rendered":"\n<div class=\"wp-block-media-text is-stacked-on-mobile\" style=\"grid-template-columns:45% auto\"><figure class=\"wp-block-media-text__media\"><img loading=\"lazy\" decoding=\"async\" width=\"1024\" height=\"683\" src=\"https:\/\/invest-pomorze.pl\/wp-content\/uploads\/2025\/12\/1-1024x683.png\" alt=\"\" class=\"wp-image-70 size-full\" srcset=\"https:\/\/invest-pomorze.pl\/wp-content\/uploads\/2025\/12\/1-1024x683.png 1024w, https:\/\/invest-pomorze.pl\/wp-content\/uploads\/2025\/12\/1-300x200.png 300w, https:\/\/invest-pomorze.pl\/wp-content\/uploads\/2025\/12\/1-768x512.png 768w, https:\/\/invest-pomorze.pl\/wp-content\/uploads\/2025\/12\/1.png 1536w\" sizes=\"auto, (max-width: 1024px) 100vw, 1024px\" \/><\/figure><div class=\"wp-block-media-text__content\">\n<p class=\"has-medium-font-size\">Pracujemy z wykorzystaniem sprawdzonych technologii sprz\u0105tania oraz wysokiej jako\u015bci \u015brodk\u00f3w. Realizujemy us\u0142ugi rano, w ci\u0105gu dnia lub po godzinach pracy biura \u2014 zgodnie z preferencjami klienta. Regularna kontrola prac porz\u0105dkowych gwarantuje utrzymanie najwy\u017cszych standard\u00f3w. Dbamy o zachowanie poufno\u015bci danych i bezpiecze\u0144stwo mienia w sprz\u0105tanych obiektach.<\/p>\n<\/div><\/div>\n\n\n\n<p class=\"has-text-align-center has-cyan-bluish-gray-background-color has-background has-large-font-size\"><strong>Zakres prac<\/strong><\/p>\n\n\n\n<p class=\"has-medium-font-size\"><strong>Standardowe sprz\u0105tanie biura:<\/strong><br>odkurzanie i mycie pod\u0142\u00f3g<br>wycieranie kurzu z biurek, mebli i powierzchni p\u0142askich<br>czyszczenie drzwi, klamek, por\u0119czy<br>mycie luster i powierzchni szklanych<br>opr\u00f3\u017cnianie koszy i wymiana work\u00f3w<br>dezynfekcja najcz\u0119\u015bciej dotykanych element\u00f3w<\/p>\n\n\n\n<p class=\"has-medium-font-size\"><strong>Sprz\u0105tanie stref wsp\u00f3lnych:<\/strong><br>recepcja i poczekalnie<br>kuchnie i aneksy pracownicze<br>sale konferencyjne<br>korytarze i ci\u0105gi komunikacyjne<\/p>\n\n\n\n<p class=\"has-medium-font-size\"><strong>Sanitariaty:<\/strong><br>kompleksowe czyszczenie toalet<br>uzupe\u0142nianie \u015brodk\u00f3w higienicznych<br>mycie i dezynfekcja umywalek, kabin WC i armatury<\/p>\n\n\n\n<div class=\"wp-block-cover\"><span aria-hidden=\"true\" class=\"wp-block-cover__background has-background-dim\"><\/span><div class=\"wp-block-cover__inner-container is-layout-flow wp-block-cover-is-layout-flow\">\n<div class=\"wp-block-columns is-layout-flex wp-container-core-columns-is-layout-9d6595d7 wp-block-columns-is-layout-flex\">\n<div class=\"wp-block-column is-layout-flow wp-block-column-is-layout-flow\" style=\"flex-basis:100%\">\n<div class=\"wp-block-group\"><div class=\"wp-block-group__inner-container is-layout-constrained wp-block-group-is-layout-constrained\">\n<p class=\"has-text-align-left has-medium-font-size wp-container-content-5f80b302\">Jeste\u015bmy firm\u0105 specjalizuj\u0105c\u0105 si\u0119 w profesjonalnym utrzymaniu czysto\u015bci w prywatnych domach i mieszkaniach, w buynkach wielorodzinnych oraz us\u0142ugowych. Na rynku dzia\u0142amy z pe\u0142nym zaanga\u017cowaniem, \u0142\u0105cz\u0105c do\u015bwiadczenie, nowoczesne rozwi\u0105zania i wysokie standardy pracy. Naszym priorytetem jest zapewnienie klientom czystej, bezpiecznej i komfortowej przestrzeni \u2013 zar\u00f3wno w miejscach codziennego \u017cycia, jak i pracy.<\/p>\n\n\n<style id=\"wpforms-css-vars-200-block-8a664c71-0d05-41e1-ac44-b8349b297274\">\n\t\t\t\t#wpforms-200.wpforms-block-8a664c71-0d05-41e1-ac44-b8349b297274 {\n\t\t\t\t--wpforms-field-size-input-height: 43px;\n--wpforms-field-size-input-spacing: 15px;\n--wpforms-field-size-font-size: 16px;\n--wpforms-field-size-line-height: 19px;\n--wpforms-field-size-padding-h: 14px;\n--wpforms-field-size-checkbox-size: 16px;\n--wpforms-field-size-sublabel-spacing: 5px;\n--wpforms-field-size-icon-size: 1;\n--wpforms-label-size-font-size: 16px;\n--wpforms-label-size-line-height: 19px;\n--wpforms-label-size-sublabel-font-size: 14px;\n--wpforms-label-size-sublabel-line-height: 17px;\n--wpforms-button-size-font-size: 17px;\n--wpforms-button-size-height: 41px;\n--wpforms-button-size-padding-h: 15px;\n--wpforms-button-size-margin-top: 10px;\n\t\t\t}\n\t\t\t<\/style><div class=\"wpforms-container wpforms-container-full wpforms-block wpforms-block-8a664c71-0d05-41e1-ac44-b8349b297274 wpforms-render-modern\" id=\"wpforms-200\"><form id=\"wpforms-form-200\" class=\"wpforms-validate wpforms-form wpforms-ajax-form\" data-formid=\"200\" method=\"post\" enctype=\"multipart\/form-data\" action=\"\/index.php?rest_route=%2Fwp%2Fv2%2Fpages%2F33\" data-token=\"ac0e138ed0c0ff6268a04680d7cfcf65\" data-token-time=\"1776605193\"><noscript class=\"wpforms-error-noscript\">Please enable JavaScript in your browser to complete this form.<\/noscript><div id=\"wpforms-error-noscript\" style=\"display: none;\">Please enable JavaScript in your browser to complete this form.<\/div><div class=\"wpforms-field-container\"><div id=\"wpforms-200-field_1-container\" class=\"wpforms-field wpforms-field-name\" data-field-id=\"1\"><label class=\"wpforms-field-label\" for=\"wpforms-200-field_1\">Imi\u0119 i nazwisko <span class=\"wpforms-required-label\" aria-hidden=\"true\">*<\/span><\/label><input type=\"text\" id=\"wpforms-200-field_1\" class=\"wpforms-field-medium wpforms-field-required\" name=\"wpforms[fields][1]\" aria-errormessage=\"wpforms-200-field_1-error\" required><\/div>\t\t<div id=\"wpforms-200-field_4-container\"\n\t\t\tclass=\"wpforms-field wpforms-field-text\"\n\t\t\tdata-field-type=\"text\"\n\t\t\tdata-field-id=\"4\"\n\t\t\t>\n\t\t\t<label class=\"wpforms-field-label\" for=\"wpforms-200-field_4\" >wiadomo\u015b\u0107 nazwisko e-mail<\/label>\n\t\t\t<input type=\"text\" id=\"wpforms-200-field_4\" class=\"wpforms-field-medium\" name=\"wpforms[fields][4]\" >\n\t\t<\/div>\n\t\t<div id=\"wpforms-200-field_2-container\" class=\"wpforms-field wpforms-field-email\" data-field-id=\"2\"><label class=\"wpforms-field-label\" for=\"wpforms-200-field_2\">Adres e-mail <span class=\"wpforms-required-label\" aria-hidden=\"true\">*<\/span><\/label><input type=\"email\" id=\"wpforms-200-field_2\" class=\"wpforms-field-medium wpforms-field-required\" name=\"wpforms[fields][2]\" spellcheck=\"false\" aria-errormessage=\"wpforms-200-field_2-error\" required><\/div><div id=\"wpforms-200-field_3-container\" class=\"wpforms-field wpforms-field-textarea\" data-field-id=\"3\"><label class=\"wpforms-field-label\" for=\"wpforms-200-field_3\">Komentarz lub wiadomo\u015b\u0107<\/label><textarea id=\"wpforms-200-field_3\" class=\"wpforms-field-medium\" name=\"wpforms[fields][3]\" aria-errormessage=\"wpforms-200-field_3-error\" ><\/textarea><\/div><div id=\"wpforms-200-field_5-container\" class=\"wpforms-field wpforms-field-checkbox wpforms-list-inline\" data-field-id=\"5\"><fieldset><legend class=\"wpforms-field-label wpforms-label-hide\" aria-hidden=\"false\">Zgoda <span class=\"wpforms-required-label\" aria-hidden=\"true\">*<\/span><\/legend><ul id=\"wpforms-200-field_5\" class=\"wpforms-field-required\"><li class=\"choice-1 depth-1\"><input type=\"checkbox\" id=\"wpforms-200-field_5_1\" name=\"wpforms[fields][5][]\" value=\"wyra\u017cam zgod\u0119\" aria-errormessage=\"wpforms-200-field_5_1-error\" required ><label class=\"wpforms-field-label-inline\" for=\"wpforms-200-field_5_1\">wyra\u017cam zgod\u0119<\/label><\/li><\/ul><\/fieldset><\/div><script>\n\t\t\t\t( function() {\n\t\t\t\t\tconst style = document.createElement( 'style' );\n\t\t\t\t\tstyle.appendChild( document.createTextNode( '#wpforms-200-field_4-container { position: absolute !important; overflow: hidden !important; display: inline !important; height: 1px !important; width: 1px !important; z-index: -1000 !important; padding: 0 !important; } #wpforms-200-field_4-container input { visibility: hidden; } #wpforms-conversational-form-page #wpforms-200-field_4-container label { counter-increment: none; }' ) );\n\t\t\t\t\tdocument.head.appendChild( style );\n\t\t\t\t\tdocument.currentScript?.remove();\n\t\t\t\t} )();\n\t\t\t<\/script><\/div><!-- .wpforms-field-container --><div class=\"wpforms-submit-container\" ><input type=\"hidden\" name=\"wpforms[id]\" value=\"200\"><input type=\"hidden\" name=\"page_title\" value=\"\"><input type=\"hidden\" name=\"page_url\" value=\"https:\/\/invest-pomorze.pl\/index.php?rest_route=\/wp\/v2\/pages\/33\"><input type=\"hidden\" name=\"url_referer\" value=\"\"><button type=\"submit\" name=\"wpforms[submit]\" id=\"wpforms-submit-200\" class=\"wpforms-submit\" data-alt-text=\"Wysy\u0142anie...\" data-submit-text=\"Prze\u015blij\" aria-live=\"assertive\" value=\"wpforms-submit\">Prze\u015blij<\/button><img loading=\"lazy\" decoding=\"async\" src=\"https:\/\/invest-pomorze.pl\/wp-content\/plugins\/wpforms-lite\/assets\/images\/submit-spin.svg\" class=\"wpforms-submit-spinner\" style=\"display: none;\" width=\"26\" height=\"26\" alt=\"Loading\"><\/div><\/form><\/div>  <!-- .wpforms-container --><\/div><\/div>\n<\/div>\n<\/div>\n<\/div><\/div>\n","protected":false},"excerpt":{"rendered":"<p>Pracujemy z wykorzystaniem sprawdzonych technologii sprz\u0105tania oraz wysokiej jako\u015bci \u015brodk\u00f3w. Realizujemy us\u0142ugi rano, w ci\u0105gu dnia lub po godzinach pracy biura \u2014 zgodnie z preferencjami klienta. Regularna kontrola prac porz\u0105dkowych gwarantuje utrzymanie najwy\u017cszych standard\u00f3w. Dbamy o zachowanie poufno\u015bci danych i bezpiecze\u0144stwo mienia w sprz\u0105tanych obiektach. Zakres prac Standardowe sprz\u0105tanie biura:odkurzanie i mycie pod\u0142\u00f3gwycieranie kurzu z [&hellip;]<\/p>\n","protected":false},"author":1,"featured_media":0,"parent":0,"menu_order":0,"comment_status":"closed","ping_status":"closed","template":"","meta":{"footnotes":""},"class_list":["post-33","page","type-page","status-publish","hentry"],"_links":{"self":[{"href":"https:\/\/invest-pomorze.pl\/index.php?rest_route=\/wp\/v2\/pages\/33","targetHints":{"allow":["GET"]}}],"collection":[{"href":"https:\/\/invest-pomorze.pl\/index.php?rest_route=\/wp\/v2\/pages"}],"about":[{"href":"https:\/\/invest-pomorze.pl\/index.php?rest_route=\/wp\/v2\/types\/page"}],"author":[{"embeddable":true,"href":"https:\/\/invest-pomorze.pl\/index.php?rest_route=\/wp\/v2\/users\/1"}],"replies":[{"embeddable":true,"href":"https:\/\/invest-pomorze.pl\/index.php?rest_route=%2Fwp%2Fv2%2Fcomments&post=33"}],"version-history":[{"count":22,"href":"https:\/\/invest-pomorze.pl\/index.php?rest_route=\/wp\/v2\/pages\/33\/revisions"}],"predecessor-version":[{"id":297,"href":"https:\/\/invest-pomorze.pl\/index.php?rest_route=\/wp\/v2\/pages\/33\/revisions\/297"}],"wp:attachment":[{"href":"https:\/\/invest-pomorze.pl\/index.php?rest_route=%2Fwp%2Fv2%2Fmedia&parent=33"}],"curies":[{"name":"wp","href":"https:\/\/api.w.org\/{rel}","templated":true}]}}