{"id":3,"date":"2025-12-02T14:01:20","date_gmt":"2025-12-02T13:01:20","guid":{"rendered":"https:\/\/invest-pomorze.pl\/?page_id=3"},"modified":"2025-12-22T09:07:47","modified_gmt":"2025-12-22T08:07:47","slug":"polityka-prywatnosci","status":"publish","type":"page","link":"https:\/\/invest-pomorze.pl\/?page_id=3","title":{"rendered":"POLITYKA PRYWATNO\u015aCI"},"content":{"rendered":"\n<p class=\"has-medium-font-size\"><strong>Informacje og\u00f3lne<\/strong><\/p>\n\n\n\n<p>Niniejsza polityka dotyczy strony internetowej www.invest-pomorze.pl<\/p>\n\n\n\n<p>Operatorem serwisu oraz Administratorem danych osobowych jest: Invest-Pomorze Prosta Sp\u00f3\u0142ka Akcyjna  zarejstrowan\u0105 pod adresem 81-198 Kosakowo, ul. Cynamonowa 19\/1<\/p>\n\n\n\n<p>Adres kontaktowy poczty elektronicznej operatora: info@invest-pomorze.pl<\/p>\n\n\n\n<p>Operator jest Administratorem Twoich danych osobowych w odniesieniu do danych podanych <br>dobrowolnie w Serwisie.<\/p>\n\n\n\n<p>Serwis wykorzystuje dane osobowe w nast\u0119puj\u0105cych celach:<br>Obs\u0142uga zapyta\u0144 przez formularz<br>Realizacja zam\u00f3wionych us\u0142ug<br>Obs\u0142uga odpowiednich dokument\u00f3w ksi\u0119gowych<br>Windykacja nale\u017cno\u015bci<br>Prezentacja oferty lub informacji<\/p>\n\n\n\n<p><br>Wykonanie przez Administratora danych osobowych prawnie ci\u0105\u017c\u0105cych na nim obowi\u0105zk\u00f3w zgodnie z art.6 ust. 1 lit. c) RODO w zakresie w jakim przewiduj\u0105 to przepisy szczeg\u00f3lne.<\/p>\n\n\n\n<p>Serwis realizuje funkcje pozyskiwania informacji o u\u017cytkownikach i ich zachowaniu w nast\u0119puj\u0105cy spos\u00f3b:<\/p>\n\n\n\n<p>Poprzez dobrowolnie wprowadzone w formularzach dane, kt\u00f3re zostaj\u0105 wprowadzone do system\u00f3w Operatora.<\/p>\n\n\n\n<p>Poprzez zapisywanie w urz\u0105dzeniach ko\u0144cowych plik\u00f3w cookie (tzw. \u201eciasteczka\u201d).<\/p>\n\n\n\n<p class=\"has-medium-font-size\"><strong>Wybrane metody ochrony danych stosowane przez Operatora<\/strong><\/p>\n\n\n\n<p>Miejsca logowania i wprowadzania danych osobowych s\u0105 chronione w warstwie transmisji (certyfikat SSL). Dzi\u0119ki temu dane osobowe i dane logowania, wprowadzone na stronie, zostaj\u0105 zaszyfrowane w komputerze u\u017cytkownika i mog\u0105 by\u0107 odczytane jedynie na docelowym serwerze.<\/p>\n\n\n\n<p class=\"has-medium-font-size\"><strong>Twoje prawa i dodatkowe informacje o sposobie wykorzystania danych<\/strong><\/p>\n\n\n\n<p>W niekt\u00f3rych sytuacjach Administrator ma prawo przekazywa\u0107 Twoje dane osobowe innym odbiorcom, je\u015bli b\u0119dzie to niezb\u0119dne do wykonania zawartej z Tob\u0105 umowy lub do zrealizowania obowi\u0105zk\u00f3w  wi\u0105\u017c\u0105cych na Administratorze. Dotyczy to takich grup odbiorc\u00f3w:<br>osoby upowa\u017cnione przez nas, pracownicy i wsp\u00f3\u0142prcownicy, kt\u00f3rzy musz\u0105 mie\u0107 dost\u0119p do danych osobowych w celu wykonywania swoich obowi\u0105zk\u00f3w,<br>firma hostingowa,<br>firmy obs\u0142uguj\u0105ca mailingi,<br>firmy, z kt\u00f3rymi Administrator wsp\u00f3\u0142pracuje w zakresie marketingu w\u0142asnego,<br>ubezpieczyciele,<br>kancelarie prawne i windykatorzy,<br>operatorzy p\u0142atno\u015bci,<br>organy publiczne.<\/p>\n\n\n\n<p>Twoje dane osobowe przetwarzane przez Administratora nie d\u0142u\u017cej, ni\u017c jest to konieczne do wykonania zwi\u0105zanych z nimi czynno\u015bci okre\u015blonych osobnymi przepisami. W odniesieniu do danych marketingowych dane nie b\u0119d\u0105 przetwarzane d\u0142u\u017cej ni\u017c przez 3 lata.<\/p>\n\n\n\n<p>Przys\u0142uguje Ci prawo \u017c\u0105dania od Administratora:<br>dost\u0119pu do danych osobowych Ciebie dotycz\u0105cych,<br>ich sprostowania,<br>usuni\u0119cia,<br>ograniczenia przetwarzania,<br>przenoszenia danych.<\/p>\n\n\n\n<p>Przys\u0142uguje Ci prawo do z\u0142o\u017cenia sprzeciwu w zakresie przetwarzania wskazanego w pkt 3.3 c) wobec przetwarzania danych osobowych w celu wykonania prawnie uzasadnionych interes\u00f3w realizowanych przez Administratora, w tym profilowania, przy czym prawo sprzeciwu nie b\u0119dzie mog\u0142o by\u0107 wykonane w przypadku istnienia wa\u017cnych prawnie uzasadnionych podstaw do przetwarzania, nadrz\u0119dnych wobec Ciebie interes\u00f3w, praw i wolno\u015bci, w szczeg\u00f3lno\u015bci ustalenia, dochodzenia lub obrony roszcze\u0144.<\/p>\n\n\n\n<p>Na dzia\u0142ania Administratora przys\u0142uguje skarga do Prezesa Urz\u0119du Ochrony Danych<br>Osobowych, ul. Stawki 2, 00-193 Warszawa.<\/p>\n\n\n\n<p>Podanie danych osobowych jest dobrowolne, lecz niezb\u0119dne do obs\u0142ugi Serwisu.<\/p>\n\n\n\n<p>W stosunku do Ciebie mog\u0105 by\u0107 podejmowane czynno\u015bci polegaj\u0105ce na zautomatyzowanym<br>podejmowaniu decyzji, w tym profilowaniu w celu \u015bwiadczenia us\u0142ug w ramach zawartej umowy oraz w celu prowadzenia przez Administratora marketingu bezpo\u015bredniego.<\/p>\n\n\n\n<p>Dane osobowe nie s\u0105 przekazywane od kraj\u00f3w trzecich w rozumieniu przepis\u00f3w o ochronie  danych osobowych. Oznacza to, \u017ce nie przesy\u0142amy ich poza teren Unii Europejskiej.<\/p>\n\n\n\n<p class=\"has-medium-font-size\"><strong>Informacje w formularzach<\/strong><\/p>\n\n\n\n<p>Serwis zbiera informacje podane dobrowolnie przez u\u017cytkownika, w tym dane osobowe, o ile zostan\u0105 one podane.<\/p>\n\n\n\n<p>Serwis mo\u017ce zapisa\u0107 informacje o parametrach po\u0142\u0105czenia (oznaczenie czasu, adres IP).<\/p>\n\n\n\n<p>Serwis, w niekt\u00f3rych wypadkach, mo\u017ce zapisa\u0107 informacj\u0119 u\u0142atwiaj\u0105c\u0105 powi\u0105zanie danych w formularzu z adresem e-mail u\u017cytkownika wype\u0142niaj\u0105cego formularz. W takim wypadku adres e-mail u\u017cytkownika pojawia si\u0119 wewn\u0105trz adresu url strony zawieraj\u0105cej formularz.<\/p>\n\n\n\n<p>Dane podane w formularzu s\u0105 przetwarzane w celu wynikaj\u0105cym z funkcji konkretnego formularza, np. w celu dokonania procesu obs\u0142ugi zg\u0142oszenia serwisowego lub kontaktu handlowego, rejestracji us\u0142ug itp. Ka\u017cdorazowo kontekst i opis formularza w czytelny spos\u00f3b informuje, do czego on s\u0142u\u017cy.<\/p>\n\n\n\n<p class=\"has-medium-font-size\"><strong>Istotne techniki marketingowe<\/strong><\/p>\n\n\n\n<p>Operator stosuje analiz\u0119 statystyczn\u0105 ruchu na stronie, poprzez Google Analytics (Google Inc. z siedzib\u0105 w USA). Operator nie przekazuje do operatora tej us\u0142ugi danych osobowych, a jedynie zanonimizowane informacje. Us\u0142uga bazuje na wykorzystaniu ciasteczek w urz\u0105dzeniu ko\u0144cowym u\u017cytkownika. W zakresie informacji o preferencjach u\u017cytkownika gromadzonych przez sie\u0107 reklamow\u0105 Google u\u017cytkownik mo\u017ce przegl\u0105da\u0107 i edytowa\u0107 informacje wynikaj\u0105ce z plik\u00f3w cookies przy pomocy narz\u0119dzia:<br>https:\/\/www.google.com\/ads\/preferences\/<\/p>\n\n\n\n<p class=\"has-medium-font-size\"><strong>Informacja o plikach cookies<\/strong><\/p>\n\n\n\n<p>Serwis korzysta z plik\u00f3w cookies. Pliki cookies (tzw. \u201eciasteczka\u201d) stanowi\u0105 dane informatyczne, w szczeg\u00f3lno\u015bci pliki tekstowe, kt\u00f3re przechowywane s\u0105 w urz\u0105dzeniu ko\u0144cowym U\u017cytkownika Serwisu i przeznaczone s\u0105 do korzystania ze stron internetowych Serwisu. Cookies zazwyczaj zawieraj\u0105 nazw\u0119 strony internetowej, z kt\u00f3rej pochodz\u0105, czas przechowywania ich na urz\u0105dzeniu ko\u0144cowym<br>oraz unikalny numer.<\/p>\n\n\n\n<p>Podmiotem zamieszczaj\u0105cym na urz\u0105dzeniu ko\u0144cowym U\u017cytkownika Serwisu pliki cookies oraz uzyskuj\u0105cym do nich dost\u0119p jest operator Serwisu.<\/p>\n\n\n\n<p>Pliki cookies wykorzystywane s\u0105 w nast\u0119puj\u0105cych celach:<\/p>\n\n\n\n<p>utrzymanie sesji u\u017cytkownika Serwisu (po zalogowaniu), dzi\u0119ki kt\u00f3rej u\u017cytkownik nie musi na ka\u017cdej podstronie Serwisu ponownie wpisywa\u0107 loginu i has\u0142a;<\/p>\n\n\n\n<p>realizacji cel\u00f3w okre\u015blonych powy\u017cej w cz\u0119\u015bci &#8220;Istotne techniki marketingowe&#8221;;<\/p>\n\n\n\n<p>W ramach Serwisu stosowane s\u0105 dwa zasadnicze rodzaje plik\u00f3w cookies: \u201esesyjne\u201d (session cookies) oraz \u201esta\u0142e\u201d (persistent cookies). Cookies \u201esesyjne\u201d s\u0105 plikami tymczasowymi, kt\u00f3re przechowywane s\u0105 w urz\u0105dzeniu ko\u0144cowym U\u017cytkownika do czasu wylogowania, opuszczenia strony internetowej lub wy\u0142\u0105czenia oprogramowania (przegl\u0105darki internetowej). \u201eSta\u0142e\u201d pliki cookies przechowywane s\u0105 w urz\u0105dzeniu ko\u0144cowym U\u017cytkownika przez czas okre\u015blony w parametrach plik\u00f3w cookies lub do czasu ich usuni\u0119cia przez U\u017cytkownika.<\/p>\n\n\n\n<p>Oprogramowanie do przegl\u0105dania stron internetowych (przegl\u0105darka internetowa) zazwyczaj domy\u015blnie dopuszcza przechowywanie plik\u00f3w cookies w urz\u0105dzeniu ko\u0144cowym U\u017cytkownika. U\u017cytkownicy Serwisu mog\u0105 dokona\u0107 zmiany ustawie\u0144 w tym zakresie. Przegl\u0105darka internetowa umo\u017cliwia usuni\u0119cie plik\u00f3w cookies. Mo\u017cliwe jest tak\u017ce automatyczne blokowanie plik\u00f3w cookies Szczeg\u00f3\u0142owe informacje na ten temat zawiera pomoc lub dokumentacja przegl\u0105darki internetowej.<\/p>\n\n\n\n<p>Ograniczenia stosowania plik\u00f3w cookies mog\u0105 wp\u0142yn\u0105\u0107 na niekt\u00f3re funkcjonalno\u015bci dost\u0119pne na stronach internetowych Serwisu.<\/p>\n\n\n\n<p>Pliki cookies zamieszczane w urz\u0105dzeniu ko\u0144cowym U\u017cytkownika Serwisu wykorzystywane mog\u0105 by\u0107 r\u00f3wnie\u017c przez wsp\u00f3\u0142pracuj\u0105ce z operatorem Serwisu podmioty, w szczeg\u00f3lno\u015bci dotyczy to firm: Google (Google Inc. z siedzib\u0105 w USA), Facebook (Facebook Inc. z siedzib\u0105 w USA), Twitter (Twitter Inc. z siedzib\u0105 w USA).<\/p>\n\n\n\n<p>Je\u015bli u\u017cytkownik nie chce otrzymywa\u0107 plik\u00f3w cookies, mo\u017ce zmieni\u0107 ustawienia przegl\u0105darki. Zastrzegamy, \u017ce wy\u0142\u0105czenie obs\u0142ugi plik\u00f3w cookies niezb\u0119dnych dla proces\u00f3w uwierzytelniania, bezpiecze\u0144stwa, utrzymania preferencji u\u017cytkownika mo\u017ce utrudni\u0107, a w skrajnych przypadkach mo\u017ce uniemo\u017cliwi\u0107 korzystanie ze stron www.<\/p>\n","protected":false},"excerpt":{"rendered":"<p>Informacje og\u00f3lne Niniejsza polityka dotyczy strony internetowej www.invest-pomorze.pl Operatorem serwisu oraz Administratorem danych osobowych jest: Invest-Pomorze Prosta Sp\u00f3\u0142ka Akcyjna zarejstrowan\u0105 pod adresem 81-198 Kosakowo, ul. Cynamonowa 19\/1 Adres kontaktowy poczty elektronicznej operatora: info@invest-pomorze.pl Operator jest Administratorem Twoich danych osobowych w odniesieniu do danych podanych dobrowolnie w Serwisie. Serwis wykorzystuje dane osobowe w nast\u0119puj\u0105cych celach:Obs\u0142uga zapyta\u0144 [&hellip;]<\/p>\n","protected":false},"author":1,"featured_media":0,"parent":0,"menu_order":0,"comment_status":"closed","ping_status":"open","template":"","meta":{"footnotes":""},"class_list":["post-3","page","type-page","status-publish","hentry"],"_links":{"self":[{"href":"https:\/\/invest-pomorze.pl\/index.php?rest_route=\/wp\/v2\/pages\/3","targetHints":{"allow":["GET"]}}],"collection":[{"href":"https:\/\/invest-pomorze.pl\/index.php?rest_route=\/wp\/v2\/pages"}],"about":[{"href":"https:\/\/invest-pomorze.pl\/index.php?rest_route=\/wp\/v2\/types\/page"}],"author":[{"embeddable":true,"href":"https:\/\/invest-pomorze.pl\/index.php?rest_route=\/wp\/v2\/users\/1"}],"replies":[{"embeddable":true,"href":"https:\/\/invest-pomorze.pl\/index.php?rest_route=%2Fwp%2Fv2%2Fcomments&post=3"}],"version-history":[{"count":3,"href":"https:\/\/invest-pomorze.pl\/index.php?rest_route=\/wp\/v2\/pages\/3\/revisions"}],"predecessor-version":[{"id":256,"href":"https:\/\/invest-pomorze.pl\/index.php?rest_route=\/wp\/v2\/pages\/3\/revisions\/256"}],"wp:attachment":[{"href":"https:\/\/invest-pomorze.pl\/index.php?rest_route=%2Fwp%2Fv2%2Fmedia&parent=3"}],"curies":[{"name":"wp","href":"https:\/\/api.w.org\/{rel}","templated":true}]}}