{"id":29,"date":"2025-12-04T09:34:46","date_gmt":"2025-12-04T08:34:46","guid":{"rendered":"https:\/\/invest-pomorze.pl\/?page_id=29"},"modified":"2025-12-22T10:28:17","modified_gmt":"2025-12-22T09:28:17","slug":"obiekty-mieszkaniowe","status":"publish","type":"page","link":"https:\/\/invest-pomorze.pl\/?page_id=29","title":{"rendered":"BUDYNKI WIELORODZINNE"},"content":{"rendered":"\n<div class=\"wp-block-media-text alignfull is-stacked-on-mobile\" style=\"grid-template-columns:27% auto\"><figure class=\"wp-block-media-text__media\"><img loading=\"lazy\" decoding=\"async\" width=\"886\" height=\"1024\" src=\"https:\/\/invest-pomorze.pl\/wp-content\/uploads\/2025\/12\/5-e1766349816988-886x1024.png\" alt=\"\" class=\"wp-image-99 size-full\" srcset=\"https:\/\/invest-pomorze.pl\/wp-content\/uploads\/2025\/12\/5-e1766349816988-886x1024.png 886w, https:\/\/invest-pomorze.pl\/wp-content\/uploads\/2025\/12\/5-e1766349816988-260x300.png 260w, https:\/\/invest-pomorze.pl\/wp-content\/uploads\/2025\/12\/5-e1766349816988-768x887.png 768w, https:\/\/invest-pomorze.pl\/wp-content\/uploads\/2025\/12\/5-e1766349816988.png 1024w\" sizes=\"auto, (max-width: 886px) 100vw, 886px\" \/><\/figure><div class=\"wp-block-media-text__content\">\n<p class=\"has-medium-font-size\">Mamy sta\u0142e harmonogramy tygodniowe, miesi\u0119czne i sezonowe. Elastyczne dostosowujemy zakresu us\u0142ug do specyfiki obiektu. Raportujemy wykonane dzia\u0142ania. Reagujemy na zg\u0142oszenia i dodatkowe potrzeby. Jeste\u015bmy w sta\u0142ym kontakcie z administracj\u0105.<\/p>\n<\/div><\/div>\n\n\n\n<p class=\"has-text-align-left has-cyan-bluish-gray-background-color has-background has-large-font-size\"><strong>ZAKRES PRAC<\/strong><\/p>\n\n\n\n<p class=\"has-text-align-left has-medium-font-size\"><br>Regularne sprz\u0105tanie klatek schodowych i cz\u0119\u015bci wsp\u00f3lnych<br>Zamiatanie i mycie posadzek<br>Mycie okien oraz powierzchni szklanych<br>Czyszczenie wind, por\u0119czy i element\u00f3w wsp\u00f3lnych<br>Dezynfekcja powierzchni dotykowych<br>Utrzymanie porz\u0105dku w piwnicach oraz pomieszczeniach technicznych<br>Opr\u00f3\u017cnianie pojemnik\u00f3w na odpady oraz wymiana work\u00f3w<br>Bie\u017c\u0105ca opieka nad zieleni\u0105 zgodnie z harmonogramem<br>Dora\u017ane prace porz\u0105dkowe na \u017cyczenie administratora<\/p>\n\n\n\n<p><\/p>\n\n\n\n<div class=\"wp-block-cover\"><span aria-hidden=\"true\" class=\"wp-block-cover__background has-background-dim\"><\/span><div class=\"wp-block-cover__inner-container is-layout-flow wp-block-cover-is-layout-flow\">\n<div class=\"wp-block-columns is-layout-flex wp-container-core-columns-is-layout-9d6595d7 wp-block-columns-is-layout-flex\">\n<div class=\"wp-block-column is-layout-flow wp-block-column-is-layout-flow\" style=\"flex-basis:100%\">\n<div class=\"wp-block-group\"><div class=\"wp-block-group__inner-container is-layout-constrained wp-block-group-is-layout-constrained\">\n<p class=\"has-text-align-left has-medium-font-size wp-container-content-5f80b302\">Jeste\u015bmy firm\u0105 specjalizuj\u0105c\u0105 si\u0119 w profesjonalnym utrzymaniu czysto\u015bci w prywatnych domach i mieszkaniach, w buynkach wielorodzinnych oraz us\u0142ugowych. Na rynku dzia\u0142amy z pe\u0142nym zaanga\u017cowaniem, \u0142\u0105cz\u0105c do\u015bwiadczenie, nowoczesne rozwi\u0105zania i wysokie standardy pracy. Naszym priorytetem jest zapewnienie klientom czystej, bezpiecznej i komfortowej przestrzeni \u2013 zar\u00f3wno w miejscach codziennego \u017cycia, jak i pracy.<\/p>\n\n\n<style id=\"wpforms-css-vars-200-block-8a664c71-0d05-41e1-ac44-b8349b297274\">\n\t\t\t\t#wpforms-200.wpforms-block-8a664c71-0d05-41e1-ac44-b8349b297274 {\n\t\t\t\t--wpforms-field-size-input-height: 43px;\n--wpforms-field-size-input-spacing: 15px;\n--wpforms-field-size-font-size: 16px;\n--wpforms-field-size-line-height: 19px;\n--wpforms-field-size-padding-h: 14px;\n--wpforms-field-size-checkbox-size: 16px;\n--wpforms-field-size-sublabel-spacing: 5px;\n--wpforms-field-size-icon-size: 1;\n--wpforms-label-size-font-size: 16px;\n--wpforms-label-size-line-height: 19px;\n--wpforms-label-size-sublabel-font-size: 14px;\n--wpforms-label-size-sublabel-line-height: 17px;\n--wpforms-button-size-font-size: 17px;\n--wpforms-button-size-height: 41px;\n--wpforms-button-size-padding-h: 15px;\n--wpforms-button-size-margin-top: 10px;\n\t\t\t}\n\t\t\t<\/style><div class=\"wpforms-container wpforms-container-full wpforms-block wpforms-block-8a664c71-0d05-41e1-ac44-b8349b297274 wpforms-render-modern\" id=\"wpforms-200\"><form id=\"wpforms-form-200\" class=\"wpforms-validate wpforms-form wpforms-ajax-form\" data-formid=\"200\" method=\"post\" enctype=\"multipart\/form-data\" action=\"\/index.php?rest_route=%2Fwp%2Fv2%2Fpages%2F29\" data-token=\"ac0e138ed0c0ff6268a04680d7cfcf65\" data-token-time=\"1776604775\"><noscript class=\"wpforms-error-noscript\">Please enable JavaScript in your browser to complete this form.<\/noscript><div id=\"wpforms-error-noscript\" style=\"display: none;\">Please enable JavaScript in your browser to complete this form.<\/div><div class=\"wpforms-field-container\"><div id=\"wpforms-200-field_1-container\" class=\"wpforms-field wpforms-field-name\" data-field-id=\"1\"><label class=\"wpforms-field-label\" for=\"wpforms-200-field_1\">Imi\u0119 i nazwisko <span class=\"wpforms-required-label\" aria-hidden=\"true\">*<\/span><\/label><input type=\"text\" id=\"wpforms-200-field_1\" class=\"wpforms-field-medium wpforms-field-required\" name=\"wpforms[fields][1]\" aria-errormessage=\"wpforms-200-field_1-error\" required><\/div><div id=\"wpforms-200-field_2-container\" class=\"wpforms-field wpforms-field-email\" data-field-id=\"2\"><label class=\"wpforms-field-label\" for=\"wpforms-200-field_2\">Adres e-mail <span class=\"wpforms-required-label\" aria-hidden=\"true\">*<\/span><\/label><input type=\"email\" id=\"wpforms-200-field_2\" class=\"wpforms-field-medium wpforms-field-required\" name=\"wpforms[fields][2]\" spellcheck=\"false\" aria-errormessage=\"wpforms-200-field_2-error\" required><\/div><div id=\"wpforms-200-field_3-container\" class=\"wpforms-field wpforms-field-textarea\" data-field-id=\"3\"><label class=\"wpforms-field-label\" for=\"wpforms-200-field_3\">Komentarz lub wiadomo\u015b\u0107<\/label><textarea id=\"wpforms-200-field_3\" class=\"wpforms-field-medium\" name=\"wpforms[fields][3]\" aria-errormessage=\"wpforms-200-field_3-error\" ><\/textarea><\/div>\t\t<div id=\"wpforms-200-field_4-container\"\n\t\t\tclass=\"wpforms-field wpforms-field-text\"\n\t\t\tdata-field-type=\"text\"\n\t\t\tdata-field-id=\"4\"\n\t\t\t>\n\t\t\t<label class=\"wpforms-field-label\" for=\"wpforms-200-field_4\" >e-mail i Komentarz<\/label>\n\t\t\t<input type=\"text\" id=\"wpforms-200-field_4\" class=\"wpforms-field-medium\" name=\"wpforms[fields][4]\" >\n\t\t<\/div>\n\t\t<div id=\"wpforms-200-field_5-container\" class=\"wpforms-field wpforms-field-checkbox wpforms-list-inline\" data-field-id=\"5\"><fieldset><legend class=\"wpforms-field-label wpforms-label-hide\" aria-hidden=\"false\">Zgoda <span class=\"wpforms-required-label\" aria-hidden=\"true\">*<\/span><\/legend><ul id=\"wpforms-200-field_5\" class=\"wpforms-field-required\"><li class=\"choice-1 depth-1\"><input type=\"checkbox\" id=\"wpforms-200-field_5_1\" name=\"wpforms[fields][5][]\" value=\"wyra\u017cam zgod\u0119\" aria-errormessage=\"wpforms-200-field_5_1-error\" required ><label class=\"wpforms-field-label-inline\" for=\"wpforms-200-field_5_1\">wyra\u017cam zgod\u0119<\/label><\/li><\/ul><\/fieldset><\/div><script>\n\t\t\t\t( function() {\n\t\t\t\t\tconst style = document.createElement( 'style' );\n\t\t\t\t\tstyle.appendChild( document.createTextNode( '#wpforms-200-field_4-container { position: absolute !important; overflow: hidden !important; display: inline !important; height: 1px !important; width: 1px !important; z-index: -1000 !important; padding: 0 !important; } #wpforms-200-field_4-container input { visibility: hidden; } #wpforms-conversational-form-page #wpforms-200-field_4-container label { counter-increment: none; }' ) );\n\t\t\t\t\tdocument.head.appendChild( style );\n\t\t\t\t\tdocument.currentScript?.remove();\n\t\t\t\t} )();\n\t\t\t<\/script><\/div><!-- .wpforms-field-container --><div class=\"wpforms-submit-container\" ><input type=\"hidden\" name=\"wpforms[id]\" value=\"200\"><input type=\"hidden\" name=\"page_title\" value=\"\"><input type=\"hidden\" name=\"page_url\" value=\"https:\/\/invest-pomorze.pl\/index.php?rest_route=\/wp\/v2\/pages\/29\"><input type=\"hidden\" name=\"url_referer\" value=\"\"><button type=\"submit\" name=\"wpforms[submit]\" id=\"wpforms-submit-200\" class=\"wpforms-submit\" data-alt-text=\"Wysy\u0142anie...\" data-submit-text=\"Prze\u015blij\" aria-live=\"assertive\" value=\"wpforms-submit\">Prze\u015blij<\/button><img loading=\"lazy\" decoding=\"async\" src=\"https:\/\/invest-pomorze.pl\/wp-content\/plugins\/wpforms-lite\/assets\/images\/submit-spin.svg\" class=\"wpforms-submit-spinner\" style=\"display: none;\" width=\"26\" height=\"26\" alt=\"Loading\"><\/div><\/form><\/div>  <!-- .wpforms-container --><\/div><\/div>\n<\/div>\n<\/div>\n<\/div><\/div>\n","protected":false},"excerpt":{"rendered":"<p>Mamy sta\u0142e harmonogramy tygodniowe, miesi\u0119czne i sezonowe. Elastyczne dostosowujemy zakresu us\u0142ug do specyfiki obiektu. Raportujemy wykonane dzia\u0142ania. Reagujemy na zg\u0142oszenia i dodatkowe potrzeby. Jeste\u015bmy w sta\u0142ym kontakcie z administracj\u0105. ZAKRES PRAC Regularne sprz\u0105tanie klatek schodowych i cz\u0119\u015bci wsp\u00f3lnychZamiatanie i mycie posadzekMycie okien oraz powierzchni szklanychCzyszczenie wind, por\u0119czy i element\u00f3w wsp\u00f3lnychDezynfekcja powierzchni dotykowychUtrzymanie porz\u0105dku w piwnicach [&hellip;]<\/p>\n","protected":false},"author":1,"featured_media":0,"parent":0,"menu_order":0,"comment_status":"closed","ping_status":"closed","template":"","meta":{"footnotes":""},"class_list":["post-29","page","type-page","status-publish","hentry"],"_links":{"self":[{"href":"https:\/\/invest-pomorze.pl\/index.php?rest_route=\/wp\/v2\/pages\/29","targetHints":{"allow":["GET"]}}],"collection":[{"href":"https:\/\/invest-pomorze.pl\/index.php?rest_route=\/wp\/v2\/pages"}],"about":[{"href":"https:\/\/invest-pomorze.pl\/index.php?rest_route=\/wp\/v2\/types\/page"}],"author":[{"embeddable":true,"href":"https:\/\/invest-pomorze.pl\/index.php?rest_route=\/wp\/v2\/users\/1"}],"replies":[{"embeddable":true,"href":"https:\/\/invest-pomorze.pl\/index.php?rest_route=%2Fwp%2Fv2%2Fcomments&post=29"}],"version-history":[{"count":34,"href":"https:\/\/invest-pomorze.pl\/index.php?rest_route=\/wp\/v2\/pages\/29\/revisions"}],"predecessor-version":[{"id":305,"href":"https:\/\/invest-pomorze.pl\/index.php?rest_route=\/wp\/v2\/pages\/29\/revisions\/305"}],"wp:attachment":[{"href":"https:\/\/invest-pomorze.pl\/index.php?rest_route=%2Fwp%2Fv2%2Fmedia&parent=29"}],"curies":[{"name":"wp","href":"https:\/\/api.w.org\/{rel}","templated":true}]}}