{"id":283,"date":"2025-12-22T09:37:33","date_gmt":"2025-12-22T08:37:33","guid":{"rendered":"https:\/\/invest-pomorze.pl\/?page_id=283"},"modified":"2026-01-22T18:27:14","modified_gmt":"2026-01-22T17:27:14","slug":"remonty","status":"publish","type":"page","link":"https:\/\/invest-pomorze.pl\/?page_id=283","title":{"rendered":"WYKO\u0143CZENIA WN\u0118TRZ"},"content":{"rendered":"\n<p>Zapraszamy do wsp\u00f3\u0142pracy <a href=\"http:\/\/www.michicompany.pl\">Budowa i wyko\u0144czenia wn\u0119trz<\/a><\/p>\n\n\n\n<p class=\"has-text-align-left has-medium-font-size wp-container-content-5f80b302\"><\/p>\n","protected":false},"excerpt":{"rendered":"<p>Zapraszamy do wsp\u00f3\u0142pracy Budowa i wyko\u0144czenia wn\u0119trz<\/p>\n","protected":false},"author":1,"featured_media":0,"parent":0,"menu_order":0,"comment_status":"closed","ping_status":"closed","template":"","meta":{"footnotes":""},"class_list":["post-283","page","type-page","status-publish","hentry"],"_links":{"self":[{"href":"https:\/\/invest-pomorze.pl\/index.php?rest_route=\/wp\/v2\/pages\/283","targetHints":{"allow":["GET"]}}],"collection":[{"href":"https:\/\/invest-pomorze.pl\/index.php?rest_route=\/wp\/v2\/pages"}],"about":[{"href":"https:\/\/invest-pomorze.pl\/index.php?rest_route=\/wp\/v2\/types\/page"}],"author":[{"embeddable":true,"href":"https:\/\/invest-pomorze.pl\/index.php?rest_route=\/wp\/v2\/users\/1"}],"replies":[{"embeddable":true,"href":"https:\/\/invest-pomorze.pl\/index.php?rest_route=%2Fwp%2Fv2%2Fcomments&post=283"}],"version-history":[{"count":15,"href":"https:\/\/invest-pomorze.pl\/index.php?rest_route=\/wp\/v2\/pages\/283\/revisions"}],"predecessor-version":[{"id":392,"href":"https:\/\/invest-pomorze.pl\/index.php?rest_route=\/wp\/v2\/pages\/283\/revisions\/392"}],"wp:attachment":[{"href":"https:\/\/invest-pomorze.pl\/index.php?rest_route=%2Fwp%2Fv2%2Fmedia&parent=283"}],"curies":[{"name":"wp","href":"https:\/\/api.w.org\/{rel}","templated":true}]}}